{"id":27,"date":"2012-05-05T08:40:25","date_gmt":"2012-05-05T08:40:25","guid":{"rendered":"http:\/\/xn--logopdie-im-moritzhof-91b.de\/?page_id=27"},"modified":"2017-01-20T16:30:40","modified_gmt":"2017-01-20T16:30:40","slug":"seite-1","status":"publish","type":"page","link":"https:\/\/xn--logopdie-im-moritzhof-91b.de\/?page_id=27","title":{"rendered":"Anfahrt und Lage"},"content":{"rendered":"<p>&nbsp;<\/p>\n<p>Sie erreichen die <strong><span style=\"color: #008000;\"><em>Praxis f\u00fcr Logop\u00e4die im Moritzhof<\/em><\/span><\/strong> mit den Stra\u00dfenbahnlinien <strong>10<\/strong> und <strong>16.<\/strong><\/p>\n<p>&nbsp;<\/p>\n<p>Als Autofahrer k\u00f6nnen Sie die Tiefgarage im Moritzhof f\u00fcr eine Stunde kostenlos nutzen. Die Einfahrt ist an der rechten Seite, des rechten Geb\u00e4udeteils.<\/p>\n<p>&nbsp;<\/p>\n<p>Die Praxis selbst befindet sich zwischen der Tiefgarageneinfahrt und dem Sonnenstudio,\u00a0 im Erdgeschoss, in der Hans-Marchwitza-Stra\u00dfe.<\/p>\n<p>&nbsp;<\/p>\n<p>Anschrift:<\/p>\n<p>Praxis f\u00fcr Logop\u00e4die im Moritzhof &#8211; 04279 Leipzig &#8211;\u00a0 Zwickauer Str. 127c<\/p>\n<p>Telefon: <strong>0341 3379537<\/strong> &#8212;-<strong>0157 74744623<\/strong><\/p>\n<p>&nbsp;<\/p>\n<p><iframe loading=\"lazy\" src=\"http:\/\/maps.google.de\/maps?f=q&amp;source=s_q&amp;hl=de&amp;geocode=&amp;q=Logop%C3%A4die+Praxis+im+Moritzhof&amp;aq=&amp;sll=51.151786,10.415039&amp;sspn=17.533947,53.569336&amp;t=h&amp;ie=UTF8&amp;hq=Logop%C3%A4die+Praxis+im+Moritzhof&amp;hnear=&amp;ll=51.300254,12.396559&amp;spn=0.00161,0.003433&amp;z=18&amp;output=embed\" width=\"640\" height=\"480\" frameborder=\"0\" marginwidth=\"0\" marginheight=\"0\" scrolling=\"no\"><\/iframe><br \/>\n<small><a style=\"color: #0000ff; text-align: left;\" href=\"http:\/\/maps.google.de\/maps?f=q&amp;source=embed&amp;hl=de&amp;geocode=&amp;q=Logop%C3%A4die+Praxis+im+Moritzhof&amp;aq=&amp;sll=51.151786,10.415039&amp;sspn=17.533947,53.569336&amp;t=h&amp;ie=UTF8&amp;hq=Logop%C3%A4die+Praxis+im+Moritzhof&amp;hnear=&amp;ll=51.300254,12.396559&amp;spn=0.00161,0.003433&amp;z=18\">Gr\u00f6\u00dfere Kartenansicht<\/a><\/small><\/p>\n","protected":false},"excerpt":{"rendered":"<p>&nbsp; Sie erreichen die Praxis f\u00fcr Logop\u00e4die im Moritzhof mit den Stra\u00dfenbahnlinien 10 und 16. &nbsp; Als Autofahrer k\u00f6nnen Sie die Tiefgarage im Moritzhof f\u00fcr eine Stunde kostenlos nutzen. Die Einfahrt ist an der rechten Seite, des rechten Geb\u00e4udeteils. &nbsp; Die Praxis selbst befindet sich zwischen der Tiefgarageneinfahrt und dem Sonnenstudio,\u00a0 im Erdgeschoss, in der &hellip; <a href=\"https:\/\/xn--logopdie-im-moritzhof-91b.de\/?page_id=27\" class=\"more-link\"><span class=\"screen-reader-text\">Anfahrt und Lage<\/span> weiterlesen <span class=\"meta-nav\">&rarr;<\/span><\/a><\/p>\n","protected":false},"author":1,"featured_media":0,"parent":0,"menu_order":2,"comment_status":"closed","ping_status":"closed","template":"","meta":[],"_links":{"self":[{"href":"https:\/\/xn--logopdie-im-moritzhof-91b.de\/index.php?rest_route=\/wp\/v2\/pages\/27"}],"collection":[{"href":"https:\/\/xn--logopdie-im-moritzhof-91b.de\/index.php?rest_route=\/wp\/v2\/pages"}],"about":[{"href":"https:\/\/xn--logopdie-im-moritzhof-91b.de\/index.php?rest_route=\/wp\/v2\/types\/page"}],"author":[{"embeddable":true,"href":"https:\/\/xn--logopdie-im-moritzhof-91b.de\/index.php?rest_route=\/wp\/v2\/users\/1"}],"replies":[{"embeddable":true,"href":"https:\/\/xn--logopdie-im-moritzhof-91b.de\/index.php?rest_route=%2Fwp%2Fv2%2Fcomments&post=27"}],"version-history":[{"count":31,"href":"https:\/\/xn--logopdie-im-moritzhof-91b.de\/index.php?rest_route=\/wp\/v2\/pages\/27\/revisions"}],"predecessor-version":[{"id":157,"href":"https:\/\/xn--logopdie-im-moritzhof-91b.de\/index.php?rest_route=\/wp\/v2\/pages\/27\/revisions\/157"}],"wp:attachment":[{"href":"https:\/\/xn--logopdie-im-moritzhof-91b.de\/index.php?rest_route=%2Fwp%2Fv2%2Fmedia&parent=27"}],"curies":[{"name":"wp","href":"https:\/\/api.w.org\/{rel}","templated":true}]}}