{"id":152,"date":"2014-01-24T11:40:34","date_gmt":"2014-01-24T11:40:34","guid":{"rendered":"http:\/\/xn--logopdie-im-moritzhof-91b.de\/?page_id=152"},"modified":"2014-01-24T11:42:52","modified_gmt":"2014-01-24T11:42:52","slug":"behandlungsangebot-fuer-kinder","status":"publish","type":"page","link":"https:\/\/xn--logopdie-im-moritzhof-91b.de\/?page_id=152","title":{"rendered":"Behandlungsangebot f\u00fcr Kinder"},"content":{"rendered":"<p>&nbsp;<\/p>\n<ul>\n<li>Kindliche Sprach- und Sprechst\u00f6rungen:\n<ul>\n<li>Aussprachest\u00f6rung mit phonetischem St\u00f6rungsschwerpunkt<br \/>\nz.B. Schetismus, Sigmatismus<\/li>\n<li>Aussprachest\u00f6rung mit phonologischem St\u00f6rungsschwerpunkt<br \/>\nz.B. Auslassen von Lauten, Austauschen von Lauten usw.<\/li>\n<li>Aussprachest\u00f6rung mit phonetisch-phonologischem St\u00f6rungsschwerpunkt<\/li>\n<li>Sprachentwicklungsst\u00f6rung (SES)<\/li>\n<li>Spezifische Sprachentwicklungsst\u00f6rung (SSES\/SEV)<\/li>\n<li>Dysgrammatismus<\/li>\n<li>St\u00f6rung der metaphonologischen F\u00e4higkeiten im Rahmen einer Lese-Rechtschreibschw\u00e4che<\/li>\n<li>St\u00f6rung der phonologischen Bewusstheit<\/li>\n<li>Wortfindungs- und Wortschatzst\u00f6rungen (St\u00f6rungen der semantisch-lexikalischen F\u00e4higkeiten)<\/li>\n<\/ul>\n<\/li>\n<li>Kindliche Redeflusst\u00f6rungen:\n<ul>\n<li>Stottern<\/li>\n<li>Poltern<\/li>\n<li>entwicklungsbedingte Unfl\u00fcssigkeiten<\/li>\n<\/ul>\n<\/li>\n<li>Schluckst\u00f6rungen:\n<ul>\n<li>myofunktionelle St\u00f6rung mit unphysiologischem Schluckmuster<br \/>\nz.B. viscerales Schlucken, addentales Schlucken usw.<\/li>\n<\/ul>\n<\/li>\n<li>Kindliche Stimmst\u00f6rungen:\n<ul>\n<li>funktionelle Stimmst\u00f6rung<\/li>\n<\/ul>\n<\/li>\n<\/ul>\n<ul>\n<li>Zentral-auditive Verarbeitungs- und Wahrnehmungsst\u00f6rungen (ZAVWST):\n<ul>\n<li>St\u00f6rung der Aufmerksamkeit oder der Konzentration<\/li>\n<li>St\u00f6rung des Arbeitsspeichers<br \/>\nz.B. St\u00f6rung der auditiven Merkspanne<\/li>\n<li>St\u00f6rung der Wahrnehmung<br \/>\nz.B. Selektion, Diskrimination, Lokalisation<\/li>\n<li>St\u00f6rung der Klassifikation<br \/>\nz.B. St\u00f6rungen der Analyse und Synthese<\/li>\n<\/ul>\n<\/li>\n<\/ul>\n","protected":false},"excerpt":{"rendered":"<p>&nbsp; Kindliche Sprach- und Sprechst\u00f6rungen: Aussprachest\u00f6rung mit phonetischem St\u00f6rungsschwerpunkt z.B. Schetismus, Sigmatismus Aussprachest\u00f6rung mit phonologischem St\u00f6rungsschwerpunkt z.B. Auslassen von Lauten, Austauschen von Lauten usw. Aussprachest\u00f6rung mit phonetisch-phonologischem St\u00f6rungsschwerpunkt Sprachentwicklungsst\u00f6rung (SES) Spezifische Sprachentwicklungsst\u00f6rung (SSES\/SEV) Dysgrammatismus St\u00f6rung der metaphonologischen F\u00e4higkeiten im Rahmen einer Lese-Rechtschreibschw\u00e4che St\u00f6rung der phonologischen Bewusstheit Wortfindungs- und Wortschatzst\u00f6rungen (St\u00f6rungen der semantisch-lexikalischen F\u00e4higkeiten) Kindliche Redeflusst\u00f6rungen: &hellip; <a href=\"https:\/\/xn--logopdie-im-moritzhof-91b.de\/?page_id=152\" class=\"more-link\"><span class=\"screen-reader-text\">Behandlungsangebot f\u00fcr Kinder<\/span> weiterlesen <span class=\"meta-nav\">&rarr;<\/span><\/a><\/p>\n","protected":false},"author":1,"featured_media":0,"parent":0,"menu_order":5,"comment_status":"closed","ping_status":"closed","template":"","meta":[],"_links":{"self":[{"href":"https:\/\/xn--logopdie-im-moritzhof-91b.de\/index.php?rest_route=\/wp\/v2\/pages\/152"}],"collection":[{"href":"https:\/\/xn--logopdie-im-moritzhof-91b.de\/index.php?rest_route=\/wp\/v2\/pages"}],"about":[{"href":"https:\/\/xn--logopdie-im-moritzhof-91b.de\/index.php?rest_route=\/wp\/v2\/types\/page"}],"author":[{"embeddable":true,"href":"https:\/\/xn--logopdie-im-moritzhof-91b.de\/index.php?rest_route=\/wp\/v2\/users\/1"}],"replies":[{"embeddable":true,"href":"https:\/\/xn--logopdie-im-moritzhof-91b.de\/index.php?rest_route=%2Fwp%2Fv2%2Fcomments&post=152"}],"version-history":[{"count":1,"href":"https:\/\/xn--logopdie-im-moritzhof-91b.de\/index.php?rest_route=\/wp\/v2\/pages\/152\/revisions"}],"predecessor-version":[{"id":153,"href":"https:\/\/xn--logopdie-im-moritzhof-91b.de\/index.php?rest_route=\/wp\/v2\/pages\/152\/revisions\/153"}],"wp:attachment":[{"href":"https:\/\/xn--logopdie-im-moritzhof-91b.de\/index.php?rest_route=%2Fwp%2Fv2%2Fmedia&parent=152"}],"curies":[{"name":"wp","href":"https:\/\/api.w.org\/{rel}","templated":true}]}}