{"id":133,"date":"2014-01-20T18:27:55","date_gmt":"2014-01-20T18:27:55","guid":{"rendered":"http:\/\/xn--logopdie-im-moritzhof-91b.de\/?page_id=133"},"modified":"2014-01-24T11:35:25","modified_gmt":"2014-01-24T11:35:25","slug":"historisches","status":"publish","type":"page","link":"https:\/\/xn--logopdie-im-moritzhof-91b.de\/?page_id=133","title":{"rendered":"Historisches"},"content":{"rendered":"<h3 style=\"font-weight: bold; font-style: normal; font-variant: normal; font-size: 18px; line-height: normal; font-family: 'Trebuchet MS', Tahoma, verdana, sans-serif; color: #222222; margin: 0px; padding: 0px; letter-spacing: normal; orphans: auto; text-align: justify; text-indent: 0px; text-transform: none; white-space: normal; widows: auto; word-spacing: 0px; -webkit-text-stroke-width: 0px; background-color: #ffffff;\"><em><strong>\u00a0<\/strong><\/em><\/h3>\n<p style=\"font-style: normal; font-variant: normal; font-weight: normal; font-size: 14px; line-height: normal; font-family: 'Trebuchet MS', Tahoma, Verdana, sans-seriv; color: #666666; padding: 3px 0px; margin: 0px; border: none; text-align: justify; letter-spacing: normal; orphans: auto; text-indent: 0px; text-transform: none; white-space: normal; widows: auto; word-spacing: 0px; -webkit-text-stroke-width: 0px; background-color: #ffffff;\"><em>Durch<span class=\"Apple-converted-space\">\u00a0<\/span><a style=\"text-decoration: none; padding: 0px; margin: 0px; color: #97ca28;\" title=\"Emil Fr\u00f6schesls\" href=\"http:\/\/de.wikipedia.org\/wiki\/Emil_Fr%C3%B6schels\">Emil Fr\u00f6schesls<\/a>, einem Mediziner, wurde der Begriff<span class=\"Apple-converted-space\">\u00a0<\/span><strong>Logop\u00e4die<\/strong><span class=\"Apple-converted-space\">\u00a0<\/span>1924 f\u00fcr die Stimmheilkunde eingef\u00fchrt.<\/em><\/p>\n<p style=\"font-style: normal; font-variant: normal; font-weight: normal; font-size: 14px; line-height: normal; font-family: 'Trebuchet MS', Tahoma, Verdana, sans-seriv; color: #666666; padding: 3px 0px; margin: 0px; border: none; text-align: justify; letter-spacing: normal; orphans: auto; text-indent: 0px; text-transform: none; white-space: normal; widows: auto; word-spacing: 0px; -webkit-text-stroke-width: 0px; background-color: #ffffff;\"><em><strong>Logop\u00e4die<\/strong><span class=\"Apple-converted-space\">\u00a0<\/span>leitet sich von den\u00a0 griechischen Begriffen \u201cLogos\u201d (Wort) und \u201cpedeuein\u201d (erziehen) ab.<\/em><\/p>\n","protected":false},"excerpt":{"rendered":"<p>\u00a0 Durch\u00a0Emil Fr\u00f6schesls, einem Mediziner, wurde der Begriff\u00a0Logop\u00e4die\u00a01924 f\u00fcr die Stimmheilkunde eingef\u00fchrt. Logop\u00e4die\u00a0leitet sich von den\u00a0 griechischen Begriffen \u201cLogos\u201d (Wort) und \u201cpedeuein\u201d (erziehen) ab.<\/p>\n","protected":false},"author":1,"featured_media":0,"parent":0,"menu_order":6,"comment_status":"closed","ping_status":"closed","template":"","meta":[],"_links":{"self":[{"href":"https:\/\/xn--logopdie-im-moritzhof-91b.de\/index.php?rest_route=\/wp\/v2\/pages\/133"}],"collection":[{"href":"https:\/\/xn--logopdie-im-moritzhof-91b.de\/index.php?rest_route=\/wp\/v2\/pages"}],"about":[{"href":"https:\/\/xn--logopdie-im-moritzhof-91b.de\/index.php?rest_route=\/wp\/v2\/types\/page"}],"author":[{"embeddable":true,"href":"https:\/\/xn--logopdie-im-moritzhof-91b.de\/index.php?rest_route=\/wp\/v2\/users\/1"}],"replies":[{"embeddable":true,"href":"https:\/\/xn--logopdie-im-moritzhof-91b.de\/index.php?rest_route=%2Fwp%2Fv2%2Fcomments&post=133"}],"version-history":[{"count":2,"href":"https:\/\/xn--logopdie-im-moritzhof-91b.de\/index.php?rest_route=\/wp\/v2\/pages\/133\/revisions"}],"predecessor-version":[{"id":140,"href":"https:\/\/xn--logopdie-im-moritzhof-91b.de\/index.php?rest_route=\/wp\/v2\/pages\/133\/revisions\/140"}],"wp:attachment":[{"href":"https:\/\/xn--logopdie-im-moritzhof-91b.de\/index.php?rest_route=%2Fwp%2Fv2%2Fmedia&parent=133"}],"curies":[{"name":"wp","href":"https:\/\/api.w.org\/{rel}","templated":true}]}}